{"id":4720,"date":"2022-06-08T12:37:57","date_gmt":"2022-06-08T10:37:57","guid":{"rendered":"https:\/\/www2.hotel-escaletto.com\/mentions-legales\/"},"modified":"2024-11-20T16:28:32","modified_gmt":"2024-11-20T15:28:32","slug":"avvisi-legali","status":"publish","type":"page","link":"https:\/\/www.hotel-escaletto.com\/it\/avvisi-legali\/","title":{"rendered":"Informazioni legali"},"content":{"rendered":"\t\t<div data-elementor-type=\"wp-page\" data-elementor-id=\"4720\" class=\"elementor elementor-4720 elementor-184\" data-elementor-post-type=\"page\">\n\t\t\t\t\t\t<section class=\"ob-is-breaking-bad elementor-section elementor-top-section elementor-element elementor-element-70655b5d elementor-section-full_width elementor-section-height-min-height elementor-section-height-default elementor-section-items-middle\" data-dce-background-image-url=\"https:\/\/www.hotel-escaletto.com\/wp-content\/uploads\/mentions-legales\/escaletto-hotel-aix-en-provence-le-reportage-avril-2019-hotel-du-globe-banner.webp\" data-id=\"70655b5d\" data-element_type=\"section\" data-e-type=\"section\" id=\"page-qs\" data-settings=\"{&quot;background_background&quot;:&quot;classic&quot;,&quot;_ob_bbad_use_it&quot;:&quot;yes&quot;,&quot;_ob_bbad_sssic_use&quot;:&quot;no&quot;,&quot;_ob_glider_is_slider&quot;:&quot;no&quot;}\">\n\t\t\t\t\t\t\t<div class=\"elementor-background-overlay\"><\/div>\n\t\t\t\t\t\t\t<div class=\"elementor-container elementor-column-gap-default\">\n\t\t\t\t\t<div class=\"elementor-column elementor-col-100 elementor-top-column elementor-element elementor-element-517faa4c\" data-id=\"517faa4c\" data-element_type=\"column\" data-e-type=\"column\" data-settings=\"{&quot;_ob_bbad_is_stalker&quot;:&quot;no&quot;,&quot;_ob_teleporter_use&quot;:false,&quot;_ob_column_hoveranimator&quot;:&quot;no&quot;,&quot;_ob_column_has_pseudo&quot;:&quot;no&quot;}\">\n\t\t\t<div class=\"elementor-widget-wrap elementor-element-populated\">\n\t\t\t\t\t\t\t<\/div>\n\t\t<\/div>\n\t\t\t\t\t<\/div>\n\t\t<\/section>\n\t\t\t\t<section class=\"ob-is-breaking-bad elementor-section elementor-top-section elementor-element elementor-element-4eced951 elementor-section-boxed elementor-section-height-default elementor-section-height-default\" data-id=\"4eced951\" data-element_type=\"section\" data-e-type=\"section\" data-settings=\"{&quot;background_background&quot;:&quot;classic&quot;,&quot;_ob_bbad_use_it&quot;:&quot;yes&quot;,&quot;_ob_bbad_sssic_use&quot;:&quot;no&quot;,&quot;_ob_glider_is_slider&quot;:&quot;no&quot;}\">\n\t\t\t\t\t\t<div class=\"elementor-container elementor-column-gap-default\">\n\t\t\t\t\t<div class=\"elementor-column elementor-col-100 elementor-top-column elementor-element elementor-element-16fcfe4d\" data-id=\"16fcfe4d\" data-element_type=\"column\" data-e-type=\"column\" data-settings=\"{&quot;_ob_bbad_is_stalker&quot;:&quot;no&quot;,&quot;_ob_teleporter_use&quot;:false,&quot;_ob_column_hoveranimator&quot;:&quot;no&quot;,&quot;_ob_column_has_pseudo&quot;:&quot;no&quot;}\">\n\t\t\t<div class=\"elementor-widget-wrap elementor-element-populated\">\n\t\t\t\t\t\t<div class=\"elementor-element elementor-element-6667b5d6 ob-harakiri-inherit ob-has-background-overlay elementor-widget elementor-widget-text-editor\" data-id=\"6667b5d6\" data-element_type=\"widget\" data-e-type=\"widget\" data-settings=\"{&quot;_ob_use_harakiri&quot;:&quot;yes&quot;,&quot;_ob_harakiri_writing_mode&quot;:&quot;inherit&quot;,&quot;_ob_postman_use&quot;:&quot;no&quot;,&quot;_ob_perspektive_use&quot;:&quot;no&quot;,&quot;_ob_poopart_use&quot;:&quot;yes&quot;,&quot;_ob_shadough_use&quot;:&quot;no&quot;,&quot;_ob_allow_hoveranimator&quot;:&quot;no&quot;,&quot;_ob_widget_stalker_use&quot;:&quot;no&quot;}\" data-widget_type=\"text-editor.default\">\n\t\t\t\t<div class=\"elementor-widget-container\">\n\t\t\t\t\t\t\t\t\t<b>Nome della societ\u00e0 operativa: <\/b>AIXOTEL\n<b style=\"color: var( --e-global-color-text ); font-size: 1rem;\">Indirizzo della sede legale: <\/b>74 Cours Sextius, 13100 Aix-en-Provence\n\n<span style=\"color: var( --e-global-color-text ); font-size: 1rem;\">\n<\/span><b style=\"color: var( --e-global-color-text ); font-size: 1rem;\">Email :<\/b> contact@hotel-escaletto.com<span style=\"color: var( --e-global-color-text ); font-size: 1rem;\">\n<\/span><b style=\"color: var( --e-global-color-text ); font-size: 1rem;\">Telefono:<\/b>\u00a004 42 26 03 58<span style=\"color: var( --e-global-color-text ); font-size: 1rem;\">\n<\/span><b style=\"color: var( --e-global-color-text ); font-size: 1rem;\">Capitale sociale:<\/b> 2 300 100 \u20ac<span style=\"color: var( --e-global-color-text ); font-size: 1rem;\">\n<\/span><b style=\"color: var( --e-global-color-text ); font-size: 1rem;\">Numero di identificazione IVA individuale:<\/b><span style=\"color: var( --e-global-color-text ); font-size: 1rem;\">\n<\/span><b style=\"color: var( --e-global-color-text ); font-size: 1rem;\">Numero RCS: <\/b>B 893987552\n\n<b style=\"color: var( --e-global-color-text ); font-size: 1rem;\">Numero di Siret :<\/b> 893 987 552 00021\n<h2>Hosting e gestione del sito<\/h2>\n<strong> Mixit7 &#8211; Agenzia web<\/strong>\n<strong>Sede legale: <\/strong>34 avenue des Champs Elys\u00e9es, 75008 Paris, France\n<strong>SIREN : <\/strong>842\u00a0652\u00a0547\n<strong>Telefono: <\/strong>+33 1 85 80 11 11\n<strong>Email: <\/strong>hello@mixit7.com\n<strong>Sito web: <\/strong><a title=\"cr\u00e9ation site web hotel\" href=\"https:\/\/www.mixit7.com\" target=\"_blank\" rel=\"noopener nofollow\">www.mixit7.com<\/a>\n\n<span style=\"color: var( --e-global-color-text ); font-size: 1rem;\">\n<\/span><b style=\"color: var( --e-global-color-text ); font-size: 1rem;\"><\/b>\n<h2 style=\"margin-top: 20px; text-align: left;\">Responsabilit\u00e0<\/h2>\nAccedendo a questo sito, l&#8217;utente \u00e8 informato che l&#8217;utilizzo di Internet richiede il rispetto di una serie di leggi relative in particolare al diritto d&#8217;autore e alla legge sulla protezione dei dati. H\u00f4tel Escaletto e Mixit7 non possono essere ritenuti responsabili di eventuali errori o omissioni; l&#8217;editore si riserva inoltre il diritto di modificare e aggiornare le informazioni presenti sul sito in qualsiasi momento.\n<h2 style=\"margin-top: 20px; text-align: left;\">Copyright<\/h2>\nIn applicazione del Codice della Propriet\u00e0 Intellettuale francese, la riproduzione per uso diverso da quello privato, la vendita, la distribuzione, la pubblicazione, l&#8217;adattamento o la comunicazione, parziale o totale, dei dati (presentazione, layout del sito, foto, testi e illustrazioni protetti dal diritto d&#8217;autore) \u00e8 strettamente subordinata alla previa autorizzazione scritta dei titolari dei diritti sopra citati.\n<h2 style=\"margin-top: 20px; text-align: left;\">Tecnologia dell&#8217;informazione e libert\u00e0 civili<\/h2>\nOgni utente che abbia fornito direttamente o indirettamente informazioni nominative ha diritto di accesso e rettifica ai sensi della legge n. 7817 del 6\/01\/78 (Informatica e Libert\u00e0) contattando l&#8217;amministratore del sito.\n<h2 style=\"margin-top: 20px; text-align: left;\">Protezione dei dati personali<\/h2>\n<h3>Identit\u00e0 del responsabile del trattamento<\/h3>\nIl Sito \u00e8 pubblicato dalla societ\u00e0 che lo gestisce, i cui dati di contatto sono riportati sopra.\nL&#8217;accesso al sito web e l&#8217;utilizzo dei suoi contenuti sono soggetti alle condizioni di utilizzo descritte di seguito.\n<h3>Natura dei dati personali<\/h3>\nPer &#8220;dati personali&#8221; si intendono tutte le informazioni personali che l&#8217;utente pu\u00f2 condividere con la societ\u00e0 operativa e che possono consentire alla societ\u00e0 operativa, direttamente o indirettamente, di identificarlo come persona fisica, ad esempio quando visita il sito web, richiede informazioni, prenota una camera e altri servizi.\n<h3>I dati personali raccolti<\/h3>\n\u00c8 possibile che vi venga chiesto di fornire i vostri dati personali quando navigate sul sito web della societ\u00e0 operativa.\n\nLa natura obbligatoria o facoltativa delle informazioni richieste \u00e8 indicata al momento della raccolta da un asterisco &#8220;*&#8221;. Le informazioni richieste contrassegnate da un asterisco sono obbligatorie in quanto essenziali per l&#8217;elaborazione delle vostre diverse richieste. Le altre informazioni servono a conoscervi meglio e a migliorare i servizi che vi vengono offerti. \u00c8 quindi facoltativo.\n\nLa societ\u00e0 operativa raccoglie ed elabora il vostro nome, cognome, indirizzo e-mail, indirizzo di fatturazione, numero di telefono, indirizzo IP, dati di connessione e di navigazione, le vostre preferenze e i vostri interessi (camera non fumatori, camera preferita, tipo di soggiorno, ecc.), le vostre recensioni online.\n<h3>Quando vengono raccolti i vostri dati personali?<\/h3>\n<ul>\n \t<li>L&#8217;utente naviga sul sito web (indirizzo IP e cookie) e consulta prodotti o servizi;<\/li>\n \t<li>L&#8217;utente fornisce alla societ\u00e0 operativa le proprie osservazioni\/commenti in determinate sezioni, tramite questionari o moduli di contatto, pagina ufficiale dei social network della societ\u00e0 operativa;<\/li>\n \t<li>Si invia un&#8217;e-mail alla societ\u00e0 di gestione;<\/li>\n \t<li>L&#8217;utente si iscrive alla mailing list della newsletter;<\/li>\n \t<li>Si condivide una pagina o un&#8217;offerta inviando un&#8217;e-mail o attraverso un social network;<\/li>\n \t<li>Rispondete a un questionario di soddisfazione;<\/li>\n \t<li>Si fa una richiesta di preventivo.<\/li>\n<\/ul>\n<h3>Memorizzazione dei dati<\/h3>\nLe informazioni raccolte vengono memorizzate nei nostri vari sistemi di prenotazione su database sicuri e certificati SSL.\n\nQuesto database comprende: nomi degli ospiti, indirizzi, numeri di telefono, posizioni, nomi di aziende e dati delle carte di credito. Possiamo anche registrare altre informazioni, come le preferenze per la camera, i pasti, le bevande e altri servizi e la vostra storia con noi.\n<h3>Scopo della raccolta dei dati da parte della societ\u00e0 di gestione<\/h3>\nAttraverso il sito web, la societ\u00e0 operativa raccoglie i dati dell&#8217;utente che sono strettamente necessari per le seguenti finalit\u00e0:\n<ol>\n \t<li>Per gestire le vostre richieste di informazioni e prenotazioni, nonch\u00e9 eventuali programmi di fidelizzazione;<\/li>\n \t<li>Per migliorare e personalizzare i servizi della societ\u00e0 operativa al fine di facilitare la vostra navigazione sul sito web;<\/li>\n \t<li>Gestire e monitorare l&#8217;intera relazione con il cliente;<\/li>\n \t<li>Gestire la registrazione alle novit\u00e0 e alle offerte promozionali della societ\u00e0 operativa (newsletter);<\/li>\n \t<li>Gestire tutte le vostre richieste di accesso in conformit\u00e0 alla legislazione vigente;<\/li>\n \t<li>Gestione delle fatture non pagate e delle controversie;<\/li>\n \t<li>Gestire le richieste di candidatura nell&#8217;ambito delle offerte di lavoro della societ\u00e0 operativa che hanno attirato la vostra attenzione, o qualsiasi richiesta di candidatura non sollecitata;<\/li>\n \t<li>Misurare la qualit\u00e0 e la soddisfazione.<\/li>\n<\/ol>\nSe non si forniscono le informazioni richieste, la richiesta non potr\u00e0 essere elaborata.\n<h2 style=\"margin-top: 20px; text-align: left;\">Impegni della societ\u00e0 operativa in materia di protezione dei dati personali<\/h2>\n<h3>Proporzionalit\u00e0 e rilevanza:<\/h3>\nNessun dato personale viene o verr\u00e0 raccolto a vostra insaputa. La natura facoltativa o obbligatoria dei dati da comunicare alla societ\u00e0 di gestione nell&#8217;ambito della raccolta effettuata sul sito web vi sar\u00e0 indicata preventivamente, attraverso la presenza del simbolo dell&#8217;asterisco &#8220;*&#8221;. La societ\u00e0 operativa raccoglie ed elabora i dati personali dell&#8217;utente esclusivamente per le finalit\u00e0 descritte nel presente Avviso legale.\n<h3>Proporzionalit\u00e0 e rilevanza:<\/h3>\nLa societ\u00e0 operativa raccoglie ed elabora solo i dati personali necessari per il corretto trattamento della vostra richiesta o per la personalizzazione dei servizi offerti.\n<h3>Tempo di memorizzazione dei dati:<\/h3>\nLa societ\u00e0 operativa conserver\u00e0 i dati personali dell&#8217;utente solo per il tempo necessario all&#8217;elaborazione in conformit\u00e0 alle leggi vigenti.\n<h3>Sicurezza e privacy:<\/h3>\nLa societ\u00e0 operativa si impegna ad adottare le misure necessarie per garantire la riservatezza dei dati e a non divulgarli a terzi non autorizzati.\n\nPossiamo divulgare i vostri dati personali alle autorit\u00e0 locali se richiesto dalla legge o nel corso di un&#8217;indagine e in conformit\u00e0 con le normative locali.\n\nCome per la maggior parte dei siti web, alcune informazioni vengono registrate automaticamente tramite un protocollo. Queste informazioni comprendono gli indirizzi di protocollo (indirizzo IP), il tipo di browser utilizzato, il provider di servizi Internet, le pagine di riferimento e finali, il sistema operativo, la data, l&#8217;ora e i dati clickstream.\n\nI cookie non registrano le informazioni fornite dagli utenti durante una prenotazione online o la registrazione di un account cliente. I cookie identificano il browser e non l&#8217;utente e non possono da soli rivelare la sua identit\u00e0.\n<h3>Rispetto dei vostri diritti:<\/h3>\nSiete informati dei vostri diritti di interrogazione, accesso, rettifica e opposizione per motivi legittimi, nonch\u00e9 del vostro diritto di opporvi alla prospezione commerciale conformemente alle disposizioni della legge n\u00b078-17 del 6 gennaio 1978.\n<h3>Diritti di accesso, rettifica e opposizione:<\/h3>\nConformemente alla legge n\u00b0 78-17 del 6 gennaio 1978, relativa al trattamento dei dati, degli archivi e delle libert\u00e0, beneficiate, su semplice richiesta scritta, di un diritto di accesso e di rettifica sulle informazioni che vi riguardano.\n\nPotete anche, per motivi legittimi, opporvi al trattamento dei vostri dati.\n\nPer esercitare uno qualsiasi di questi diritti e ottenere informazioni sull&#8217;utente, \u00e8 sufficiente contattare la societ\u00e0 operativa i cui dati di contatto sono disponibili all&#8217;inizio del presente Avviso legale.\n<h2 style=\"margin-top: 20px; text-align: left;\">Cookies<\/h2>\nDurante la consultazione del sito, alcune informazioni relative alla navigazione del vostro terminale possono essere registrate in file denominati &#8220;Cookies&#8221; installati sul vostro terminale, nel rispetto delle scelte da voi espresse in materia di cookies e che potrete modificare in qualsiasi momento.\n\nUn cookie \u00e8 un piccolo file di testo salvato in uno spazio dedicato sul disco rigido del vostro terminale quando consultate un servizio online utilizzando il vostro browser. Consente all&#8217;emittente di identificare il terminale in cui \u00e8 memorizzato, durante il periodo di validit\u00e0 o di conservazione del cookie.\n\nI cookie rilasciati dalla societ\u00e0 operativa vengono utilizzati per le finalit\u00e0 descritte di seguito, per la durata di validit\u00e0 del cookie in questione, in base alle scelte dell&#8217;utente derivanti dai parametri del software del browser utilizzato durante la visita al sito web, le cui impostazioni possono essere modificate in qualsiasi momento.\n\nI cookie di aziende partner (cookie di terze parti) possono essere inseriti nel vostro computer attraverso le pagine del sito web\n\nSolo il mittente di un cookie pu\u00f2 leggere o modificare le informazioni in esso contenute.\n\nSul sito web vengono utilizzati diversi tipi di cookie per scopi diversi. Alcuni sono necessari per l&#8217;utilizzo del sito web.\n<h3>Cookie analitici<\/h3>\nSi tratta di cookie che consentono alla societ\u00e0 operativa;\n<ul>\n \t<li>generare statistiche e i vari elementi che compongono il sito (sezioni e contenuti visitati, percorso) al fine di migliorare l&#8217;esperienza di navigazione offerta;<\/li>\n \t<li>per contare il numero totale di annunci pubblicitari da lui visualizzati sui suoi spazi pubblicitari, per identificare tali annunci, il numero di volte in cui vengono visualizzati, il numero di clic e le informazioni di navigazione.<\/li>\n<\/ul>\n<p style=\"margin-left: 3.3pt;\"><u>Esempio di cookie analitici<\/u><\/p>\n\n<ul>\n \t<li>_ga\u00a0 \u00a0 Analytics: registrazione dei dati di navigazione<\/li>\n \t<li>__utm Analytics: registrazione dei dati di navigazione<\/li>\n \t<li>_gac\u00a0\u00a0 Campaign : registrazione dei dati di navigazione delle campagne pubblicitarie<\/li>\n<\/ul>\n<h3>Cookie e plug-in dei social network (pulsanti sociali)<\/h3>\nLa societ\u00e0 di gestione pu\u00f2 includere nel sito web strumenti per la condivisione di contenuti con altre persone o per far conoscere a queste altre persone la vostra consultazione o la vostra opinione sui contenuti del nostro sito. Questo vale in particolare per i pulsanti &#8220;Condividi&#8221; e &#8220;Mi piace&#8221; dei social network come Facebook, Twitter, ecc.\n\nLa societ\u00e0 operativa non ha alcun controllo sul processo di raccolta delle informazioni utilizzato dai seguenti social network:\n<ul>\n \t<li>Facebook Connect: accedere utilizzando il proprio account Facebook;<\/li>\n \t<li>Facebook Connect: accedere utilizzando il proprio account Facebook;<\/li>\n \t<li>Pinterest: condivisione della pagina su Pinterest;<\/li>\n \t<li>Linkedin: condivisione della pagina su Linkedin;<\/li>\n \t<li>Instagram: condivisione della pagina su Instagram.<\/li>\n<\/ul>\n<h3>Cookie e identificatori di macchina per transazioni sicure<\/h3>\nVi informiamo che quando effettuate un ordine, la societ\u00e0 di gestione, o i suoi fornitori di servizi che agiscono per suo conto, possono inserire cookie o raccogliere informazioni relative al vostro terminale, in particolare le informazioni (attributi tecnici di sicurezza) necessarie per riconoscere il vostro apparecchio (computer, tablet o telefono cellulare) al fine di identificarlo per garantire le transazioni nel vostro interesse.\n<h3>Cookie pubblicitari<\/h3>\nI contenuti pubblicitari (grafica, animazioni, video, ecc.) visualizzati negli spazi pubblicitari della societ\u00e0 operativa possono contenere cookie emessi da terzi che possono consentire, durante il periodo di validit\u00e0 dei cookie, di contare i clic, ma anche di offrirvi gli annunci pubblicitari pi\u00f9 adatti in base al vostro comportamento di navigazione, ai vostri interessi e alle vostre preferenze.\n\nIl rifiuto dei cookie pubblicitari non ha alcun impatto sull&#8217;utilizzo del sito e non comporta la cessazione della pubblicit\u00e0 sul sito o su Internet. L&#8217;unico effetto sar\u00e0 la visualizzazione di pubblicit\u00e0 che non terr\u00e0 conto dei centri di interesse o delle preferenze dell&#8217;utente.\n\nQuesti cookie dipendono principalmente dalle agenzie pubblicitarie. Non possiamo elencarli in modo esaustivo:\n<ul>\n \t<li>AdWords: acquisto di parole chiave sponsorizzate visualizzate su Google<\/li>\n \t<li>Pubblico personalizzato di Facebook<\/li>\n \t<li>pubblicit\u00e0 mirata: registrazione del percorso di navigazione<\/li>\n<\/ul>\n<h3>Pubblicit\u00e0 mirata<\/h3>\nIl sito pu\u00f2 contenere cookie rilasciati da terze parti (agenzie e strumenti pubblicitari) e consentire loro, durante il periodo di validit\u00e0 del cookie, di raccogliere dati di navigazione relativi ai dispositivi che si collegano ai nostri siti, ma anche di proporvi contenuti pubblicitari suscettibili di corrispondere alla vostra precedente navigazione sul sito.\n\nIn nessun caso questa raccolta di dati consente a questi fornitori di servizi di identificarvi personalmente. Il nome, il cognome, il nome utente, l&#8217;indirizzo postale, l&#8217;indirizzo e-mail e la password non vengono mai comunicati a terzi senza il vostro preventivo ed esplicito consenso.\n<h3>Le vostre scelte in materia di cookie<\/h3>\nL&#8217;utente dispone di diverse opzioni per la gestione dei cookie. Le impostazioni effettuate possono influire sulla vostra esperienza di navigazione in Internet e sulle condizioni di accesso a determinati servizi che richiedono l&#8217;uso di cookie.\n<h3>Le scelte disponibili attraverso il browser<\/h3>\n\u00c8 possibile personalizzare il proprio browser web (Google Chrome, Internet Explorer, Mozilla Firefox, ecc.) in modo che i cookie vengano memorizzati sul proprio terminale o, al contrario, vengano rifiutati.\n<h3>Rifiuto dei cookie<\/h3>\nSe l&#8217;utente rifiuta di accettare i cookie, alcune funzioni, come l&#8217;identificazione\/collegamento al proprio spazio personale, o la personalizzazione della navigazione (scelta della lingua preferita, ad esempio) non saranno pi\u00f9 disponibili.\n\nLa societ\u00e0 operativa declina ogni responsabilit\u00e0 per le conseguenze di un funzionamento degradato dei suoi servizi e delle sue funzionalit\u00e0 a causa del rifiuto del cookie.\n<h3>Come esercitate le vostre scelte, a seconda del browser che utilizzate?<\/h3>\nPer gestire i cookie e le vostre scelte, la configurazione di ogni browser \u00e8 diversa. Questo \u00e8 descritto nel menu di aiuto del vostro browser, che vi indicher\u00e0 come modificare le vostre preferenze sui cookie.\n\n<u>Per Internet Explorer\u2122 :<\/u>\n\n<a href=\"https:\/\/support.microsoft.com\/fr-fr\/help\/17442\/windows-internet-explorer-delete-manage-cookies\" target=\"_blank\" rel=\"noopener nofollow\">https:\/\/support.microsoft.com\/fr-fr\/help\/17442\/windows-internet-explorer-delete-manage-cookies<\/a>\no\n\nIn Internet Explorer, fare clic sul pulsante Strumenti, quindi su Opzioni Internet. Nella scheda Generale, alla voce Cronologia di navigazione, fare clic su Impostazioni. Fare clic sul pulsante Mostra file. Fare clic sull&#8217;intestazione della colonna Nome per ordinare tutti i file in ordine alfabetico, quindi scorrere l&#8217;elenco fino a visualizzare i file che iniziano con il prefisso &#8220;Cookie&#8221; (tutti i cookie hanno questo prefisso e di solito contengono il nome del sito web che ha creato il cookie). Selezionare i cookie contenenti il nome della societ\u00e0 che opera e cancellarli. Chiudere la finestra contenente l&#8217;elenco dei file, quindi fare clic due volte su OK per tornare a Internet Explorer.\n\n<u>Per Safari\u2122 :<\/u>\n\n<a href=\"https:\/\/support.apple.com\/fr-fr\/guide\/safari\/sfri11471\/mac\" target=\"_blank\" rel=\"noopener nofollow\">https:\/\/support.apple.com\/fr-fr\/guide\/safari\/sfri11471\/mac<\/a>\nO\nNel browser, scegliere Modifica &gt; Preferenze. Fare clic su Sicurezza. Fare clic su Mostra cookie. Selezionate i cookie che contengono il nome della societ\u00e0 operativa e fate clic su Elimina o Elimina tutto. Dopo aver eliminato i cookie, fare clic su Fine.\n\n<u>Per Chrome\u2122 :<\/u>\n\n<a href=\"https:\/\/support.google.com\/chrome\/bin\/answer.py?hl=fr&amp;hlrm=en&amp;answer=95647\" target=\"_blank\" rel=\"noopener nofollow\"><em>https:\/\/support.google.com\/chrome\/bin\/answer.py?hl=fr&amp;hlrm=en&amp;answer=95647<\/em><\/a>\nO\nAprire Google Chrome. Nella barra degli strumenti del browser, fare clic su Altro. Posizionate il cursore su Altri strumenti, quindi fate clic su Cancella dati di navigazione. Nella finestra &#8220;Cancella dati di navigazione&#8221;, spuntate le caselle Cookie e dati di altri siti o plug-in e Immagini e file memorizzati nella cache. Utilizzare il menu in alto per selezionare la quantit\u00e0 di dati da eliminare. Selezionate Dall&#8217;inizio per eliminare tutto. Fare clic su &#8220;Cancella dati di navigazione&#8221;.\n\n<u>Per Firefox\u2122 :<\/u>\n\n<a href=\"https:\/\/support.mozilla.org\/fr\/kb\/Activer%20et%20d%C3%A9sactiver%20les%20cookies\" target=\"_blank\" rel=\"noopener nofollow\"><em>https:\/\/support.mozilla.org\/fr\/kb\/Activer%20et%20d%C3%A9sactiver%20les%20cookies<\/em><\/a>\nO\nAccedere alla scheda &#8220;Strumenti&#8221; del browser e selezionare il menu &#8220;Opzioni&#8221;. Nella finestra che appare, selezionate &#8220;Privacy&#8221; e fate clic su &#8220;Elimina cookie specifici&#8221;. Individuate i file contenenti il nome della societ\u00e0 di gestione. Selezionateli e cancellateli.\n<h3>Per ulteriori informazioni sui cookie<\/h3>\nLa societ\u00e0 operativa vi invita a consultare il sito web della CNIL al seguente indirizzo: <a href=\"https:\/\/www.cnil.fr\/fr\/cookies-les-outils-pour-les-maitriser\" target=\"_blank\" rel=\"noopener nofollow\"><em>https:\/\/www.cnil.fr\/fr\/cookies-les-outils-pour-les-maitriser<\/em><\/a>\n<h2>Opposizione al canvassing telefonico<\/h2>\nAi sensi dell&#8217;articolo L.223-1 del Codice del Consumo francese, tutti i consumatori hanno la possibilit\u00e0 di iscriversi gratuitamente alla lista di opposizione alle chiamate a freddo di BLOCTEL.\nPer maggiori informazioni o per registrarsi, visitate il sito ufficiale: <a href=\u201chttps:\/\/www.bloctel.gouv.fr\u201d target=\u201c_blank\u201d rel=\u201cnoopener\u201d>www.bloctel.gouv.fr<\/a>.\nSe il vostro numero di telefono viene raccolto nell&#8217;ambito delle nostre attivit\u00e0, siete informati del vostro diritto di opporvi a qualsiasi attivit\u00e0 di marketing telefonico registrandovi su questa lista.\n\n<h3>Rinvio all&#8217;Ombudsman dei consumatori<\/h3>\nAi sensi degli articoli L. 616-1 e R. 111-1 6\u00b0 del Codice del Consumo, il cliente ha il diritto di rivolgersi all&#8217;Ombudsman del Turismo e dei Viaggi, i cui recapiti sono attualmente i seguenti:\nM\u00e9diateur Tourisme Voyage,\nMTV M\u00e9diation Tourisme Voyage\nBP 80 303\n75823 Paris Cedex 17\t\t\t\t\t\t\t\t<\/div>\n\t\t\t\t<\/div>\n\t\t\t\t\t<\/div>\n\t\t<\/div>\n\t\t\t\t\t<\/div>\n\t\t<\/section>\n\t\t\t\t<\/div>\n\t\t","protected":false},"excerpt":{"rendered":"<p>Nome della societ\u00e0 operativa: AIXOTEL Indirizzo della sede legale: 74 Cours Sextius, 13100 Aix-en-Provence Email : contact@hotel-escaletto.com Telefono:\u00a004 42 26 03 58 Capitale sociale: 2 300 100 \u20ac Numero di identificazione IVA individuale: Numero RCS: B 893987552 Numero di Siret : 893 987 552 00021 Hosting e gestione del sito Mixit7 &#8211; Agenzia web Sede [&hellip;]<\/p>\n","protected":false},"author":12,"featured_media":0,"parent":0,"menu_order":0,"comment_status":"closed","ping_status":"closed","template":"","meta":{"_acf_changed":false,"inline_featured_image":false,"footnotes":""},"class_list":["post-4720","page","type-page","status-publish","hentry"],"acf":[],"_links":{"self":[{"href":"https:\/\/www.hotel-escaletto.com\/it\/wp-json\/wp\/v2\/pages\/4720","targetHints":{"allow":["GET"]}}],"collection":[{"href":"https:\/\/www.hotel-escaletto.com\/it\/wp-json\/wp\/v2\/pages"}],"about":[{"href":"https:\/\/www.hotel-escaletto.com\/it\/wp-json\/wp\/v2\/types\/page"}],"author":[{"embeddable":true,"href":"https:\/\/www.hotel-escaletto.com\/it\/wp-json\/wp\/v2\/users\/12"}],"replies":[{"embeddable":true,"href":"https:\/\/www.hotel-escaletto.com\/it\/wp-json\/wp\/v2\/comments?post=4720"}],"version-history":[{"count":71,"href":"https:\/\/www.hotel-escaletto.com\/it\/wp-json\/wp\/v2\/pages\/4720\/revisions"}],"predecessor-version":[{"id":8809,"href":"https:\/\/www.hotel-escaletto.com\/it\/wp-json\/wp\/v2\/pages\/4720\/revisions\/8809"}],"wp:attachment":[{"href":"https:\/\/www.hotel-escaletto.com\/it\/wp-json\/wp\/v2\/media?parent=4720"}],"curies":[{"name":"wp","href":"https:\/\/api.w.org\/{rel}","templated":true}]}}